{"id":52,"date":"2023-04-10T13:01:49","date_gmt":"2023-04-10T13:01:49","guid":{"rendered":"https:\/\/ashtanga.qodeinteractive.com\/?page_id=52"},"modified":"2026-02-21T21:03:13","modified_gmt":"2026-02-21T20:03:13","slug":"main-home","status":"publish","type":"page","link":"https:\/\/akiko.fr\/","title":{"rendered":"Main Home"},"content":{"rendered":"\n\t\t\t<!-- START Akiko Home REVOLUTION SLIDER 6.6.14 --><p class=\"rs-p-wp-fix\"><\/p>\n\t\t\t<rs-module-wrap id=\"rev_slider_5_1_wrapper\" data-source=\"gallery\" style=\"visibility:hidden;background:transparent;padding:0;\">\n\t\t\t\t<rs-module id=\"rev_slider_5_1\" style=\"\" data-version=\"6.6.14\">\n\t\t\t\t\t<rs-slides style=\"overflow: hidden; position: absolute;\">\n\t\t\t\t\t\t<rs-slide style=\"position: absolute;\" data-key=\"rs-5\" data-title=\"Slide\" data-in=\"o:0;\" data-out=\"a:false;\">\n\t\t\t\t\t\t\t<img fetchpriority=\"high\" decoding=\"async\" src=\"\/\/akiko.fr\/wp-content\/plugins\/revslider\/public\/assets\/assets\/dummy.png\" alt=\"\" title=\"kobido-akiko-massage-japonais-lyon (1)\" width=\"1600\" height=\"900\" class=\"rev-slidebg tp-rs-img rs-lazyload\" data-lazyload=\"\/\/akiko.fr\/wp-content\/uploads\/2024\/04\/kobido-akiko-massage-japonais-lyon-1.jpg\" data-parallax=\"4\" data-no-retina>\n<!--\n\t\t\t\t\t\t\t--><rs-layer\n\t\t\t\t\t\t\t\tid=\"slider-5-slide-5-layer-0\" \n\t\t\t\t\t\t\t\tclass=\"rs-pxl-4\"\n\t\t\t\t\t\t\t\tdata-type=\"image\"\n\t\t\t\t\t\t\t\tdata-xy=\"xo:50px,33px,19px,-214px;yo:235px,156px,93px,-18px;\"\n\t\t\t\t\t\t\t\tdata-text=\"w:normal;s:20,13,7,4;l:0,16,9,6;\"\n\t\t\t\t\t\t\t\tdata-dim=\"w:300px,200px,120px,1639px;h:180px,120px,72px,922px;\"\n\t\t\t\t\t\t\t\tdata-vbility=\"f,f,f,t\"\n\t\t\t\t\t\t\t\tdata-rsp_o=\"off\"\n\t\t\t\t\t\t\t\tdata-rsp_bd=\"off\"\n\t\t\t\t\t\t\t\tdata-frame_999=\"o:0;st:w;\"\n\t\t\t\t\t\t\t\tstyle=\"z-index:6;\"\n\t\t\t\t\t\t\t><img decoding=\"async\" src=\"\/\/akiko.fr\/wp-content\/plugins\/revslider\/public\/assets\/assets\/dummy.png\" alt=\"\" class=\"tp-rs-img rs-lazyload\" width=\"1600\" height=\"900\" data-lazyload=\"\/\/akiko.fr\/wp-content\/uploads\/2024\/04\/kobido-akiko-massage-japonais-lyon-1.jpg\" data-no-retina> \n\t\t\t\t\t\t\t<\/rs-layer><!--\n\n\t\t\t\t\t\t\t--><h1\n\t\t\t\t\t\t\t\tid=\"slider-5-slide-5-layer-1\" \n\t\t\t\t\t\t\t\tclass=\"rs-layer\"\n\t\t\t\t\t\t\t\tdata-type=\"text\"\n\t\t\t\t\t\t\t\tdata-xy=\"x:c;xo:0,150px,0,0;y:m,b,b,m;yo:-107px,300px,376px,-88px;\"\n\t\t\t\t\t\t\t\tdata-text=\"w:normal;s:60,60,45,19;l:80,80,80,25;a:center;\"\n\t\t\t\t\t\t\t\tdata-dim=\"w:auto,auto,759px,312px;\"\n\t\t\t\t\t\t\t\tdata-basealign=\"slide\"\n\t\t\t\t\t\t\t\tdata-rsp_o=\"off\"\n\t\t\t\t\t\t\t\tdata-rsp_bd=\"off\"\n\t\t\t\t\t\t\t\tdata-frame_0=\"x:-50,-50,-50,-3px;y:0,0,0,0px;\"\n\t\t\t\t\t\t\t\tdata-frame_1=\"x:0,0,0,0px;y:0,0,0,0px;e:slow;st:300;sp:1000;\"\n\t\t\t\t\t\t\t\tdata-frame_999=\"o:0;st:w;\"\n\t\t\t\t\t\t\t\tstyle=\"z-index:9;font-family:'Major Mono Display';text-transform:lowercase;\"\n\t\t\t\t\t\t\t>le kobido par akiko \n\t\t\t\t\t\t\t<\/h1><!--\n\n\t\t\t\t\t\t\t--><h2\n\t\t\t\t\t\t\t\tid=\"slider-5-slide-5-layer-3\" \n\t\t\t\t\t\t\t\tclass=\"rs-layer\"\n\t\t\t\t\t\t\t\tdata-type=\"text\"\n\t\t\t\t\t\t\t\tdata-xy=\"x:c;xo:0,290px,0,0;y:m,b,m,m;yo:9px,150px,100px,-16px;\"\n\t\t\t\t\t\t\t\tdata-text=\"w:normal;s:34,34,30,15;l:60,60,60,28;a:center;\"\n\t\t\t\t\t\t\t\tdata-dim=\"w:862px,862px,862px,307px;\"\n\t\t\t\t\t\t\t\tdata-vbility=\"t,t,f,t\"\n\t\t\t\t\t\t\t\tdata-basealign=\"slide\"\n\t\t\t\t\t\t\t\tdata-rsp_o=\"off\"\n\t\t\t\t\t\t\t\tdata-rsp_bd=\"off\"\n\t\t\t\t\t\t\t\tdata-frame_0=\"x:-50;\"\n\t\t\t\t\t\t\t\tdata-frame_1=\"e:slow;st:450;sp:1000;\"\n\t\t\t\t\t\t\t\tdata-frame_999=\"o:0;st:w;\"\n\t\t\t\t\t\t\t\tstyle=\"z-index:8;font-family:'Major Mono Display';text-transform:lowercase;\"\n\t\t\t\t\t\t\t>Massage facial ancestral japonais \u00e0 Lyon \n\t\t\t\t\t\t\t<\/h2><!--\n-->\t\t\t\t\t\t<\/rs-slide>\n\t\t\t\t\t<\/rs-slides>\n\t\t\t\t<\/rs-module>\n\t\t\t\t<script>\n\t\t\t\t\tsetREVStartSize({c: 'rev_slider_5_1',rl:[1240,1024,778,480],el:[1100,750,770,900],gw:[1920,1280,768,480],gh:[1100,750,770,900],type:'standard',justify:'',layout:'fullscreen',offsetContainer:'',offset:'',mh:\"0\"});if (window.RS_MODULES!==undefined && window.RS_MODULES.modules!==undefined && window.RS_MODULES.modules[\"revslider51\"]!==undefined) {window.RS_MODULES.modules[\"revslider51\"].once = false;window.revapi5 = undefined;if (window.RS_MODULES.checkMinimal!==undefined) window.RS_MODULES.checkMinimal()}\n\t\t\t\t<\/script>\n\t\t\t<\/rs-module-wrap>\n\t\t\t<!-- END REVOLUTION SLIDER -->\n\n<style>\/*! elementor - v3.20.0 - 11-03-2024 *\/\n.elementor-column .elementor-spacer-inner{height:var(--spacer-size)}.e-con{--container-widget-width:100%}.e-con-inner>.elementor-widget-spacer,.e-con>.elementor-widget-spacer{width:var(--container-widget-width,var(--spacer-size));--align-self:var(--container-widget-align-self,initial);--flex-shrink:0}.e-con-inner>.elementor-widget-spacer>.elementor-widget-container,.e-con>.elementor-widget-spacer>.elementor-widget-container{height:100%;width:100%}.e-con-inner>.elementor-widget-spacer>.elementor-widget-container>.elementor-spacer,.e-con>.elementor-widget-spacer>.elementor-widget-container>.elementor-spacer{height:100%}.e-con-inner>.elementor-widget-spacer>.elementor-widget-container>.elementor-spacer>.elementor-spacer-inner,.e-con>.elementor-widget-spacer>.elementor-widget-container>.elementor-spacer>.elementor-spacer-inner{height:var(--container-widget-height,var(--spacer-size))}.e-con-inner>.elementor-widget-spacer.elementor-widget-empty,.e-con>.elementor-widget-spacer.elementor-widget-empty{position:relative;min-height:22px;min-width:22px}.e-con-inner>.elementor-widget-spacer.elementor-widget-empty .elementor-widget-empty-icon,.e-con>.elementor-widget-spacer.elementor-widget-empty .elementor-widget-empty-icon{position:absolute;top:0;bottom:0;left:0;right:0;margin:auto;padding:0;width:22px;height:22px}<\/style>\n<style>\/*! elementor - v3.20.0 - 11-03-2024 *\/\nbody.elementor-page .elementor-widget-menu-anchor{margin-bottom:0}<\/style>\n<p>\t\t\t\t\t\t\t\t<img width=\"800\" height=\"916\" src=\"http:\/\/akiko.fr\/wp-content\/uploads\/2024\/03\/a-remplacer-portrait.png\" alt=\"\" decoding=\"async\" srcset=\"https:\/\/akiko.fr\/wp-content\/uploads\/2024\/03\/a-remplacer-portrait.png 800w, https:\/\/akiko.fr\/wp-content\/uploads\/2024\/03\/a-remplacer-portrait-262x300.png 262w, https:\/\/akiko.fr\/wp-content\/uploads\/2024\/03\/a-remplacer-portrait-768x879.png 768w\" sizes=\"(max-width: 800px) 100vw, 800px\" \/>\t\t\t\t\t\t\t<\/p>\n<h2 >\n\t\t\t\t\tAkiko Kajihara\t\t\t<\/h2>\n<p>Je danse depuis que je suis toute petite. C\u2019est ma passion, mon me\u0301tier, ma raison d\u2019e\u0302tre. Ma timidite\u0301 s\u2019e\u0301vapore quand je suis sur sce\u0300ne, je deviens moi-me\u0302me.<\/p>\n<p>N&#8217;ayant jamais quitte\u0301 le Japon jusqu&#8217;a\u0300 ma vingtaine, j&#8217;ai ensuite de\u0301cide\u0301 de poursuivre ma carrie\u0300re de danse a\u0300 Londres et en France. Depuis trois de\u0301cennies,\u00a0j\u2019ai eu la chance de travailler avec des compagnies de danse contemporaine a\u0300 Tokyo, Londres, Grenoble, Lyon et Tours.., participe\u0301 a\u0300 de nombreuses cre\u0301ations et danse\u0301 dans plus de 30 pays aux quatre coins du globe, dans des festivals internationaux, mais aussi dans des lieux intimistes.<\/p>\n<p>L&#8217;univers du bien-e\u0302tre m&#8217;a toujours fascine\u0301. Cependant, c&#8217;est en massant ma me\u0300re durant le mois pre\u0301ce\u0301dant son de\u0301part que j&#8217;ai re\u0301ellement perc\u0327u les bienfaits du massage, tant pour elle que pour moi. Cette expe\u0301rience, me\u0301ditative et revitalisante, a e\u0301te\u0301 une re\u0301ve\u0301lation, me permettant de communiquer et de transmettre de l&#8217;e\u0301nergie vitale. La de\u0301couverte du massage Kobido, originaire du Japon, a e\u0301te\u0301 de\u0301terminante. Sa technique, semblable a\u0300 une danse des doigts, e\u0301voque la vibration et l&#8217;e\u0301nergie, ce qui m&#8217;a profonde\u0301ment inspire\u0301. Cela m&#8217;a conduit a\u0300 me former avec le Dr Shogo Mochizuki, le mai\u0302tre de la maison Kobido de la 26e\u0300me ge\u0301ne\u0301ration.\u00a0<\/p>\n<p>\t\t\t<a href=\"https:\/\/akiko.fr\/#kobido\" target=\"_self\" data-hover-color=\"#000000\" rel=\"noopener\"><br \/>\n\tLe Kobido par Akiko<br \/>\n\t\t<svg xmlns=\"http:\/\/www.w3.org\/2000\/svg\" width=\"37.833\" height=\"18.959\"\n     viewBox=\"0 0 37.833 18.959\"><path fill=\"none\" stroke=\"currentColor\" d=\"M37.828 9.371H0\"\/><path fill=\"none\" stroke=\"currentColor\" d=\"M37.83 9.48S28.651 9.403 26.143.131\"\/><path fill=\"none\" stroke=\"currentColor\" d=\"M37.83 9.479s-9.179.077-11.687 9.349\"\/><\/svg>\t<\/a><\/p>\n<style>\/*! elementor - v3.20.0 - 11-03-2024 *\/\n.elementor-widget-image{text-align:center}.elementor-widget-image a{display:inline-block}.elementor-widget-image a img[src$=\".svg\"]{width:48px}.elementor-widget-image img{vertical-align:middle;display:inline-block}<\/style>\n<p>\t\t\t\t\t\t\t\t\t\t<img loading=\"lazy\" decoding=\"async\" width=\"188\" height=\"300\" src=\"http:\/\/akiko.fr\/wp-content\/uploads\/2024\/03\/fleur-massage-liftant-kobido-akiko-lyon.svg\" alt=\"\u00e9l\u00e9ment graphique\" \/><br \/>\n\t\t\t\t\t\t\t\t<img loading=\"lazy\" width=\"1400\" height=\"933\" src=\"http:\/\/akiko.fr\/wp-content\/uploads\/2024\/03\/20230204_Hakanai_cManoloPress_MichaelBode-2.jpeg\" alt=\"\" decoding=\"async\" srcset=\"https:\/\/akiko.fr\/wp-content\/uploads\/2024\/03\/20230204_Hakanai_cManoloPress_MichaelBode-2.jpeg 1400w, https:\/\/akiko.fr\/wp-content\/uploads\/2024\/03\/20230204_Hakanai_cManoloPress_MichaelBode-2-300x200.jpeg 300w, https:\/\/akiko.fr\/wp-content\/uploads\/2024\/03\/20230204_Hakanai_cManoloPress_MichaelBode-2-1024x682.jpeg 1024w, https:\/\/akiko.fr\/wp-content\/uploads\/2024\/03\/20230204_Hakanai_cManoloPress_MichaelBode-2-768x512.jpeg 768w\" sizes=\"(max-width: 1400px) 100vw, 1400px\" \/>\t\t\t\t\t\t\t<\/p>\n<p>Hakana\u00ef \/ Adrien M Claire B \/ \u00a9 Michael Bode<\/p>\n<p>\t\t\t\t\t\t\t\t<img loading=\"lazy\" width=\"1178\" height=\"1447\" src=\"http:\/\/akiko.fr\/wp-content\/uploads\/2024\/04\/kobido-par-akiko-danse-3-e1713816784530.jpeg\" alt=\"\" decoding=\"async\" srcset=\"https:\/\/akiko.fr\/wp-content\/uploads\/2024\/04\/kobido-par-akiko-danse-3-e1713816784530.jpeg 1178w, https:\/\/akiko.fr\/wp-content\/uploads\/2024\/04\/kobido-par-akiko-danse-3-e1713816784530-244x300.jpeg 244w, https:\/\/akiko.fr\/wp-content\/uploads\/2024\/04\/kobido-par-akiko-danse-3-e1713816784530-834x1024.jpeg 834w, https:\/\/akiko.fr\/wp-content\/uploads\/2024\/04\/kobido-par-akiko-danse-3-e1713816784530-768x943.jpeg 768w\" sizes=\"(max-width: 1178px) 100vw, 1178px\" \/>\t\t\t\t\t\t\t<\/p>\n<p>Mox 1380 \/ Cie Pascoli \/ \u00a9 Bernard Ciancia<\/p>\n<p>\t\t\t\t\t\t\t\t<img loading=\"lazy\" width=\"737\" height=\"1070\" src=\"http:\/\/akiko.fr\/wp-content\/uploads\/2024\/04\/kobido-par-akiko-danse.jpeg\" alt=\"\" decoding=\"async\" srcset=\"https:\/\/akiko.fr\/wp-content\/uploads\/2024\/04\/kobido-par-akiko-danse.jpeg 737w, https:\/\/akiko.fr\/wp-content\/uploads\/2024\/04\/kobido-par-akiko-danse-207x300.jpeg 207w, https:\/\/akiko.fr\/wp-content\/uploads\/2024\/04\/kobido-par-akiko-danse-705x1024.jpeg 705w\" sizes=\"(max-width: 737px) 100vw, 737px\" \/>\t\t\t\t\t\t\t<\/p>\n<p>Petite danse \/ Akiko Kajihara \/ \u00a9 Takashi Ito\u00a0<\/p>\n<p>\t\t\t\t\t\t\t\t<img loading=\"lazy\" width=\"650\" height=\"901\" src=\"http:\/\/akiko.fr\/wp-content\/uploads\/2024\/04\/kobido-par-akiko-danse-4-650x901.jpeg\" alt=\"\" decoding=\"async\" \/>\t\t\t\t\t\t\t<\/p>\n<p>Ils n\u2019ont rien vu \/ CCN de Tours &#8211; Thomas Lebrun \/ \u00a9 Fr\u00e9d\u00e9ric Iovino<\/p>\n<figure>\n\t\t\t\t\t\t\t\t\t\t<img loading=\"lazy\" decoding=\"async\" width=\"1024\" height=\"682\" src=\"http:\/\/akiko.fr\/wp-content\/uploads\/2024\/03\/20230204_Hakanai_cManoloPress_MichaelBode-2-1024x682.jpeg\" alt=\"\" srcset=\"https:\/\/akiko.fr\/wp-content\/uploads\/2024\/03\/20230204_Hakanai_cManoloPress_MichaelBode-2-1024x682.jpeg 1024w, https:\/\/akiko.fr\/wp-content\/uploads\/2024\/03\/20230204_Hakanai_cManoloPress_MichaelBode-2-300x200.jpeg 300w, https:\/\/akiko.fr\/wp-content\/uploads\/2024\/03\/20230204_Hakanai_cManoloPress_MichaelBode-2-768x512.jpeg 768w, https:\/\/akiko.fr\/wp-content\/uploads\/2024\/03\/20230204_Hakanai_cManoloPress_MichaelBode-2.jpeg 1400w\" sizes=\"(max-width: 1024px) 100vw, 1024px\" \/><figcaption>Hakana\u00ef \/ Adrien M Claire B \/ \u00a9 Michael Bode<\/figcaption><\/figure>\n<figure>\n\t\t\t\t\t\t\t\t\t\t<img loading=\"lazy\" decoding=\"async\" width=\"834\" height=\"1024\" src=\"http:\/\/akiko.fr\/wp-content\/uploads\/2024\/04\/kobido-par-akiko-danse-3-e1713816784530-834x1024.jpeg\" alt=\"\" srcset=\"https:\/\/akiko.fr\/wp-content\/uploads\/2024\/04\/kobido-par-akiko-danse-3-e1713816784530-834x1024.jpeg 834w, https:\/\/akiko.fr\/wp-content\/uploads\/2024\/04\/kobido-par-akiko-danse-3-e1713816784530-244x300.jpeg 244w, https:\/\/akiko.fr\/wp-content\/uploads\/2024\/04\/kobido-par-akiko-danse-3-e1713816784530-768x943.jpeg 768w, https:\/\/akiko.fr\/wp-content\/uploads\/2024\/04\/kobido-par-akiko-danse-3-e1713816784530.jpeg 1178w\" sizes=\"(max-width: 834px) 100vw, 834px\" \/><figcaption>Mox 1380 \/ Cie Pascoli \/ \u00a9 Bernard Ciancia<\/figcaption><\/figure>\n<figure>\n\t\t\t\t\t\t\t\t\t\t<img loading=\"lazy\" decoding=\"async\" width=\"705\" height=\"1024\" src=\"http:\/\/akiko.fr\/wp-content\/uploads\/2024\/04\/kobido-par-akiko-danse-705x1024.jpeg\" alt=\"\" srcset=\"https:\/\/akiko.fr\/wp-content\/uploads\/2024\/04\/kobido-par-akiko-danse-705x1024.jpeg 705w, https:\/\/akiko.fr\/wp-content\/uploads\/2024\/04\/kobido-par-akiko-danse-207x300.jpeg 207w, https:\/\/akiko.fr\/wp-content\/uploads\/2024\/04\/kobido-par-akiko-danse.jpeg 737w\" sizes=\"(max-width: 705px) 100vw, 705px\" \/><figcaption>Petite danse \/ Akiko Kajihara \/ \u00a9 Takashi Ito\u00a0<\/figcaption><\/figure>\n<figure>\n\t\t\t\t\t\t\t\t\t\t<img loading=\"lazy\" decoding=\"async\" width=\"659\" height=\"901\" src=\"http:\/\/akiko.fr\/wp-content\/uploads\/2024\/04\/kobido-par-akiko-danse-4.jpeg\" alt=\"\" srcset=\"https:\/\/akiko.fr\/wp-content\/uploads\/2024\/04\/kobido-par-akiko-danse-4.jpeg 659w, https:\/\/akiko.fr\/wp-content\/uploads\/2024\/04\/kobido-par-akiko-danse-4-219x300.jpeg 219w\" sizes=\"(max-width: 659px) 100vw, 659px\" \/><figcaption>Ils n\u2019ont rien vu \/ CCN de Tours &#8211; Thomas Lebrun \/ \u00a9 Fr\u00e9d\u00e9ric Iovino<\/figcaption><\/figure>\n<h2>Le KobiDo<\/h2>\n<p>Le Kobido, traduit par <strong>\u00ab Voie ancestrale de beaute\u0301 \u00bb<\/strong>, est un art japonais de <strong>massage facial<\/strong> ne\u0301 en 1472. Cette pratique est le fruit de la fusion des techniques de deux e\u0301minents mai\u0302tres de l&#8217;Anma, pre\u0300s du mont Fuji. Aujourd&#8217;hui, le Dr Shogo Mochizuki, he\u0301ritier de cette riche tradition, continue d&#8217;enseigner et de perpe\u0301tuer cet art se\u0301culaire.<\/p>\n<p>En alliant habilement diffe\u0301rentes techniques telles que l&#8217;effleurage, la vibration, la pression, la marche ou la danse des doigts, le tapotement et le drainage, la me\u0301thode de massage aspire a\u0300 e\u0301quilibrer le corps et l&#8217;esprit tout en stimulant l&#8217;e\u0301nergie vitale, le Ki. Gra\u0302ce a\u0300 ces <strong>gestes pre\u0301cis et rythme\u0301s<\/strong>, cette approche revitalise naturellement la peau, offrant un <strong>effet liftant et une sensation de bien-e\u0302tre<\/strong> <strong>profond.<\/strong><\/p>\n<p>\t\t\t\t\t<img loading=\"lazy\" width=\"200\" height=\"200\" src=\"http:\/\/akiko.fr\/wp-content\/uploads\/2024\/04\/quels-bienfaits-kobido-akiko-lyon-1.svg\" alt=\"\u00e9l\u00e9ment graphique\" decoding=\"async\" \/>\t\t<\/p>\n<h3 style=\"margin-top: 20px\">\n\t\t\t\t\tTonification de la peau effet liftant<br \/>\n\t\t\t<\/h3>\n<p>\t\t\t\t\t<img loading=\"lazy\" width=\"200\" height=\"200\" src=\"http:\/\/akiko.fr\/wp-content\/uploads\/2024\/04\/quels-bienfaits-kobido-akiko-lyon-2.svg\" alt=\"\u00e9l\u00e9ment graphique\" decoding=\"async\" \/>\t\t<\/p>\n<h3 style=\"margin-top: 22px\">\n\t\t\t\t\tRelaxation et R\u00e9duction du stress<br \/>\n\t\t\t<\/h3>\n<p>\t\t\t\t\t<img loading=\"lazy\" width=\"200\" height=\"200\" src=\"http:\/\/akiko.fr\/wp-content\/uploads\/2024\/04\/quels-bienfaits-kobido-akiko-lyon-3.svg\" alt=\"\u00e9l\u00e9ment graphique\" decoding=\"async\" \/>\t\t<\/p>\n<h3 style=\"margin-top: 19px\">\n\t\t\t\t\tStimulation des points \u00e9nerg\u00e9tiques<br \/>\n\t\t\t<\/h3>\n<p>\t\t\t\t\t<img loading=\"lazy\" width=\"200\" height=\"200\" src=\"http:\/\/akiko.fr\/wp-content\/uploads\/2024\/04\/quels-bienfaits-kobido-akiko-lyon-4.svg\" alt=\"\u00e9l\u00e9ment graphique\" decoding=\"async\" \/>\t\t<\/p>\n<h3 style=\"margin-top: 19px\">\n\t\t\t\t\tAm\u00e9lioration de la circulation sanguine<br \/>\n\t\t\t<\/h3>\n<p>\t\t\t<svg xmlns=\"http:\/\/www.w3.org\/2000\/svg\" xmlns:xlink=\"http:\/\/www.w3.org\/1999\/xlink\" width=\"512\" viewBox=\"0 0 384 383.999986\" height=\"512\" preserveAspectRatio=\"xMidYMid meet\"><defs><clipPath id=\"aac610f753\"><path d=\"M 24.75 73.019531 L 167.914062 73.019531 L 167.914062 310.949219 L 24.75 310.949219 Z M 24.75 73.019531 \" clip-rule=\"nonzero\"><\/path><\/clipPath><clipPath id=\"b0d0c3d1cc\"><path d=\"M 216.078125 73.019531 L 359.238281 73.019531 L 359.238281 310.949219 L 216.078125 310.949219 Z M 216.078125 73.019531 \" clip-rule=\"nonzero\"><\/path><\/clipPath><\/defs><g clip-path=\"url(#aac610f753)\"><path fill=\"#ffffff\" d=\"M 96.824219 169.199219 C 88.433594 169.199219 80.417969 170.738281 72.941406 173.429688 C 73.597656 165.84375 74.972656 158.203125 77.128906 150.640625 C 81.5 135.074219 89.429688 120.105469 100.085938 106.734375 C 110.769531 93.382812 124.410156 81.742188 140.289062 73.015625 C 122.632812 76.933594 105.285156 84.507812 89.664062 95.441406 C 74.082031 106.382812 60.027344 120.5625 49.332031 137.527344 C 38.589844 154.4375 30.890625 173.914062 27.230469 194.652344 C 24.359375 211.136719 23.925781 228.308594 26.226562 245.476562 C 26.566406 249.96875 27.335938 254.332031 28.480469 258.554688 C 28.496094 258.625 28.507812 258.695312 28.519531 258.761719 L 28.53125 258.757812 C 36.761719 288.785156 64.21875 310.949219 96.824219 310.949219 C 135.90625 310.949219 167.699219 279.152344 167.699219 240.074219 C 167.699219 200.996094 135.90625 169.199219 96.824219 169.199219 \" fill-opacity=\"1\" fill-rule=\"nonzero\"><\/path><\/g><g clip-path=\"url(#b0d0c3d1cc)\"><path fill=\"#ffffff\" d=\"M 288.363281 169.199219 C 279.976562 169.199219 271.957031 170.738281 264.480469 173.429688 C 265.136719 165.84375 266.515625 158.203125 268.667969 150.640625 C 273.039062 135.074219 280.964844 120.105469 291.625 106.734375 C 302.308594 93.382812 315.949219 81.742188 331.828125 73.015625 C 314.171875 76.933594 296.824219 84.507812 281.203125 95.441406 C 265.625 106.382812 251.566406 120.5625 240.871094 137.527344 C 230.128906 154.4375 222.429688 173.914062 218.769531 194.652344 C 215.898438 211.140625 215.46875 228.3125 217.765625 245.484375 C 218.105469 249.96875 218.878906 254.328125 220.015625 258.542969 C 220.03125 258.617188 220.042969 258.691406 220.058594 258.761719 L 220.074219 258.757812 C 228.304688 288.785156 255.761719 310.949219 288.363281 310.949219 C 327.449219 310.949219 359.238281 279.152344 359.238281 240.074219 C 359.238281 200.996094 327.449219 169.199219 288.363281 169.199219 \" fill-opacity=\"1\" fill-rule=\"nonzero\"><\/path><\/g><\/svg>\t\t<\/p>\n<p>\n\t\t\t\u00ab Je suis encore en voyage. Un vrai don et une approche intellectuelle infiniment touchante \u00bb &#8211; Fred\t\t<\/p>\n<style>\/*! elementor - v3.20.0 - 11-03-2024 *\/\n.elementor-widget-divider{--divider-border-style:none;--divider-border-width:1px;--divider-color:#0c0d0e;--divider-icon-size:20px;--divider-element-spacing:10px;--divider-pattern-height:24px;--divider-pattern-size:20px;--divider-pattern-url:none;--divider-pattern-repeat:repeat-x}.elementor-widget-divider .elementor-divider{display:flex}.elementor-widget-divider .elementor-divider__text{font-size:15px;line-height:1;max-width:95%}.elementor-widget-divider .elementor-divider__element{margin:0 var(--divider-element-spacing);flex-shrink:0}.elementor-widget-divider .elementor-icon{font-size:var(--divider-icon-size)}.elementor-widget-divider .elementor-divider-separator{display:flex;margin:0;direction:ltr}.elementor-widget-divider--view-line_icon .elementor-divider-separator,.elementor-widget-divider--view-line_text .elementor-divider-separator{align-items:center}.elementor-widget-divider--view-line_icon .elementor-divider-separator:after,.elementor-widget-divider--view-line_icon .elementor-divider-separator:before,.elementor-widget-divider--view-line_text .elementor-divider-separator:after,.elementor-widget-divider--view-line_text .elementor-divider-separator:before{display:block;content:\"\";border-block-end:0;flex-grow:1;border-block-start:var(--divider-border-width) var(--divider-border-style) var(--divider-color)}.elementor-widget-divider--element-align-left .elementor-divider .elementor-divider-separator>.elementor-divider__svg:first-of-type{flex-grow:0;flex-shrink:100}.elementor-widget-divider--element-align-left .elementor-divider-separator:before{content:none}.elementor-widget-divider--element-align-left .elementor-divider__element{margin-left:0}.elementor-widget-divider--element-align-right .elementor-divider .elementor-divider-separator>.elementor-divider__svg:last-of-type{flex-grow:0;flex-shrink:100}.elementor-widget-divider--element-align-right .elementor-divider-separator:after{content:none}.elementor-widget-divider--element-align-right .elementor-divider__element{margin-right:0}.elementor-widget-divider--element-align-start .elementor-divider .elementor-divider-separator>.elementor-divider__svg:first-of-type{flex-grow:0;flex-shrink:100}.elementor-widget-divider--element-align-start .elementor-divider-separator:before{content:none}.elementor-widget-divider--element-align-start .elementor-divider__element{margin-inline-start:0}.elementor-widget-divider--element-align-end .elementor-divider .elementor-divider-separator>.elementor-divider__svg:last-of-type{flex-grow:0;flex-shrink:100}.elementor-widget-divider--element-align-end .elementor-divider-separator:after{content:none}.elementor-widget-divider--element-align-end .elementor-divider__element{margin-inline-end:0}.elementor-widget-divider:not(.elementor-widget-divider--view-line_text):not(.elementor-widget-divider--view-line_icon) .elementor-divider-separator{border-block-start:var(--divider-border-width) var(--divider-border-style) var(--divider-color)}.elementor-widget-divider--separator-type-pattern{--divider-border-style:none}.elementor-widget-divider--separator-type-pattern.elementor-widget-divider--view-line .elementor-divider-separator,.elementor-widget-divider--separator-type-pattern:not(.elementor-widget-divider--view-line) .elementor-divider-separator:after,.elementor-widget-divider--separator-type-pattern:not(.elementor-widget-divider--view-line) .elementor-divider-separator:before,.elementor-widget-divider--separator-type-pattern:not([class*=elementor-widget-divider--view]) .elementor-divider-separator{width:100%;min-height:var(--divider-pattern-height);-webkit-mask-size:var(--divider-pattern-size) 100%;mask-size:var(--divider-pattern-size) 100%;-webkit-mask-repeat:var(--divider-pattern-repeat);mask-repeat:var(--divider-pattern-repeat);background-color:var(--divider-color);-webkit-mask-image:var(--divider-pattern-url);mask-image:var(--divider-pattern-url)}.elementor-widget-divider--no-spacing{--divider-pattern-size:auto}.elementor-widget-divider--bg-round{--divider-pattern-repeat:round}.rtl .elementor-widget-divider .elementor-divider__text{direction:rtl}.e-con-inner>.elementor-widget-divider,.e-con>.elementor-widget-divider{width:var(--container-widget-width,100%);--flex-grow:var(--container-widget-flex-grow)}<\/style>\n<p>\n\t\t\t&#8220;Akiko est dot\u00e9e d&#8217;un v\u00e9ritable don pour d\u00e9tendre et revitaliser \u00e0 travers ses technique. Elle a su cr\u00e9er une atmosph\u00e8re de calme et de s\u00e9r\u00e9nit\u00e9 qui m&#8217;a permis de me d\u00e9tendre profond\u00e9ment et de profiter pleinement du soin.\u00bb &#8211; Paula \t\t<\/p>\n<p>\t\t\t\t\t\t\t\t\t\t\t\t\t<img loading=\"lazy\" decoding=\"async\" width=\"188\" height=\"300\" src=\"http:\/\/akiko.fr\/wp-content\/uploads\/2024\/03\/visage-akiko-kobido-blanc.svg\" alt=\"\u00e9l\u00e9ment graphique massage facial\" \/>\t\t\t\t\t\t\t\t\t\t\t\t\t<\/p>\n<h2>Prestation<\/h2>\n<p><strong>Une connexion unique, promesse d\u2019une reconnexion entre le corps et les \u00e9motions, r\u00e9sultat de la lib\u00e9ration des tensions.<\/strong><\/p>\n<p>Avec le mouvement et le toucher je veux cr\u00e9er une r\u00e9sonance \u00e9motionnelle pour une profonde relaxation. Je veux vous emmener dans un voyage sur-mesure entre bien-\u00eatre, art du massage et danse des mains. Ma proposition est une exp\u00e9rience unique empreinte de cr\u00e9ativit\u00e9, de sensibilit\u00e9 et de douceur.<\/p>\n<p>\t\t\t\t\t\t\t\t\t\t\t\t\t<img loading=\"lazy\" decoding=\"async\" width=\"300\" height=\"300\" src=\"http:\/\/akiko.fr\/wp-content\/uploads\/2024\/03\/visage-2.svg\" alt=\"\u00e9l\u00e9ment graphique\" \/>\t\t\t\t\t\t\t\t\t\t\t\t\t<\/p>\n<p >Dur\u00e9e : 1h00<\/p>\n<p>\t\t\t\t\t\t90 \u20ac<\/p>\n<p>Adresse :<\/p>\n<p>11, quai de Serbie 69006 Lyon<\/p>\n<p>\u00a0<\/p>\n<p><em>*Le re\u0300glement se fait en espe\u0300ces ou en che\u0300que.\u00a0<\/em><\/p>\n<p>\t\t<a href=\"https:\/\/akiko.fr\/#contact\" target=\"_self\" rel=\"noopener\">\tR\u00e9servez<\/a><\/p>\n","protected":false},"excerpt":{"rendered":"<p>Akiko Kajihara Je danse depuis que je suis toute petite. C\u2019est ma passion, mon me\u0301tier, ma raison d\u2019e\u0302tre. Ma timidite\u0301 s\u2019e\u0301vapore quand je suis sur sce\u0300ne, je deviens moi-me\u0302me. N&#8217;ayant jamais quitte\u0301 le Japon jusqu&#8217;a\u0300 ma vingtaine, j&#8217;ai ensuite de\u0301cide\u0301 de poursuivre ma carrie\u0300re de danse a\u0300 Londres et en France. Depuis trois de\u0301cennies,\u00a0j\u2019ai eu [&hellip;]<\/p>\n","protected":false},"author":1,"featured_media":12071,"parent":0,"menu_order":0,"comment_status":"closed","ping_status":"closed","template":"page-full-width.php","meta":{"inline_featured_image":false,"footnotes":""},"class_list":["post-52","page","type-page","status-publish","has-post-thumbnail","hentry"],"_links":{"self":[{"href":"https:\/\/akiko.fr\/index.php\/wp-json\/wp\/v2\/pages\/52","targetHints":{"allow":["GET"]}}],"collection":[{"href":"https:\/\/akiko.fr\/index.php\/wp-json\/wp\/v2\/pages"}],"about":[{"href":"https:\/\/akiko.fr\/index.php\/wp-json\/wp\/v2\/types\/page"}],"author":[{"embeddable":true,"href":"https:\/\/akiko.fr\/index.php\/wp-json\/wp\/v2\/users\/1"}],"replies":[{"embeddable":true,"href":"https:\/\/akiko.fr\/index.php\/wp-json\/wp\/v2\/comments?post=52"}],"version-history":[{"count":935,"href":"https:\/\/akiko.fr\/index.php\/wp-json\/wp\/v2\/pages\/52\/revisions"}],"predecessor-version":[{"id":13148,"href":"https:\/\/akiko.fr\/index.php\/wp-json\/wp\/v2\/pages\/52\/revisions\/13148"}],"wp:featuredmedia":[{"embeddable":true,"href":"https:\/\/akiko.fr\/index.php\/wp-json\/wp\/v2\/media\/12071"}],"wp:attachment":[{"href":"https:\/\/akiko.fr\/index.php\/wp-json\/wp\/v2\/media?parent=52"}],"curies":[{"name":"wp","href":"https:\/\/api.w.org\/{rel}","templated":true}]}}